{"id":627,"date":"2025-02-07T15:39:40","date_gmt":"2025-02-07T15:39:40","guid":{"rendered":"https:\/\/sieraacadmy-eutech-org-wordpress.rz.mup-digital.com\/?page_id=627"},"modified":"2025-08-04T07:33:26","modified_gmt":"2025-08-04T07:33:26","slug":"about-us","status":"publish","type":"page","link":"https:\/\/siera-academy.org\/de\/about-us\/","title":{"rendered":"\u00dcber uns"},"content":{"rendered":"<div data-elementor-type=\"wp-page\" data-elementor-id=\"627\" class=\"elementor elementor-627\" data-elementor-post-type=\"page\">\n\t\t\t\t<div class=\"elementor-element elementor-element-33f8793 e-con-full e-flex e-con e-parent\" data-id=\"33f8793\" data-element_type=\"container\" data-e-type=\"container\" data-settings=\"{&quot;background_background&quot;:&quot;classic&quot;}\">\n\t\t<div class=\"elementor-element elementor-element-798b7c6 e-con-full e-flex e-con e-child\" data-id=\"798b7c6\" data-element_type=\"container\" data-e-type=\"container\" data-settings=\"{&quot;background_background&quot;:&quot;classic&quot;}\">\n\t\t\t\t<div class=\"elementor-element elementor-element-b9502a1 elementor-widget elementor-widget-heading\" data-id=\"b9502a1\" data-element_type=\"widget\" data-e-type=\"widget\" data-widget_type=\"heading.default\">\n\t\t\t\t<div class=\"elementor-widget-container\">\n\t\t\t\t\t<h2 class=\"elementor-heading-title elementor-size-default\">Willkommen bei der SIERA Academy!<\/h2>\t\t\t\t<\/div>\n\t\t\t\t<\/div>\n\t\t\t\t<div class=\"elementor-element elementor-element-fb85c0f elementor-widget elementor-widget-text-editor\" data-id=\"fb85c0f\" data-element_type=\"widget\" data-e-type=\"widget\" data-widget_type=\"text-editor.default\">\n\t\t\t\t<div class=\"elementor-widget-container\">\n\t\t\t\t\t\t\t\t\t<p>Here are the key features of SIERA Academy, which equips professionals whether they are trainees or top management executives to lead with purpose and bring real change. SIERA Academy provides carefully chosen courses that emphasize project management and leadership management techniques, strengthening useful tactics that guarantee both short-term implementation and long-term development.<\/p>\t\t\t\t\t\t\t\t<\/div>\n\t\t\t\t<\/div>\n\t\t\t\t<\/div>\n\t\t<div class=\"elementor-element elementor-element-7a94a92 e-con-full e-flex e-con e-child\" data-id=\"7a94a92\" data-element_type=\"container\" data-e-type=\"container\" data-settings=\"{&quot;background_background&quot;:&quot;classic&quot;}\">\n\t\t\t\t<\/div>\n\t\t\t\t<\/div>\n\t\t<div class=\"elementor-element elementor-element-0617e9a e-flex e-con-boxed e-con e-parent\" data-id=\"0617e9a\" data-element_type=\"container\" data-e-type=\"container\">\n\t\t\t\t\t<div class=\"e-con-inner\">\n\t\t<div class=\"elementor-element elementor-element-af6dbe9 e-con-full e-flex e-con e-child\" data-id=\"af6dbe9\" data-element_type=\"container\" data-e-type=\"container\">\n\t\t\t\t<div class=\"elementor-element elementor-element-6387f6f elementor-widget elementor-widget-heading\" data-id=\"6387f6f\" data-element_type=\"widget\" data-e-type=\"widget\" data-widget_type=\"heading.default\">\n\t\t\t\t<div class=\"elementor-widget-container\">\n\t\t\t\t\t<h2 class=\"elementor-heading-title elementor-size-default\">Gemeinschaften bef\u00e4higen: SIERA Academy &amp; The Mustard Seed Project for Global Impact<\/h2>\t\t\t\t<\/div>\n\t\t\t\t<\/div>\n\t\t\t\t<div class=\"elementor-element elementor-element-cad41d0 elementor-widget elementor-widget-text-editor\" data-id=\"cad41d0\" data-element_type=\"widget\" data-e-type=\"widget\" data-widget_type=\"text-editor.default\">\n\t\t\t\t<div class=\"elementor-widget-container\">\n\t\t\t\t\t\t\t\t\t<p>In Zusammenarbeit mit dem Mustard Seed Project setzt sich die SIERA Academy daf\u00fcr ein, in der realen Welt etwas zu bewirken. Die Teilnehmer machen praktische Erfahrungen in Entwicklungsl\u00e4ndern, z.B. bei der Installation von Solaranlagen, der F\u00f6rderung nachhaltiger Praktiken und der Unterst\u00fctzung von Initiativen f\u00fcr sauberes Wasser. Gemeinsam bewirken wir nachhaltige Ver\u00e4nderungen in unterversorgten L\u00e4ndern weltweit.<\/p>\t\t\t\t\t\t\t\t<\/div>\n\t\t\t\t<\/div>\n\t\t\t\t<\/div>\n\t\t<div class=\"elementor-element elementor-element-00d2cf5 e-con-full e-flex e-con e-child\" data-id=\"00d2cf5\" data-element_type=\"container\" data-e-type=\"container\">\n\t\t\t\t<div class=\"elementor-element elementor-element-4a268c8 elementor-widget elementor-widget-image\" data-id=\"4a268c8\" data-element_type=\"widget\" data-e-type=\"widget\" data-widget_type=\"image.default\">\n\t\t\t\t<div class=\"elementor-widget-container\">\n\t\t\t\t\t\t\t\t\t\t\t\t\t\t\t<img fetchpriority=\"high\" decoding=\"async\" width=\"800\" height=\"534\" src=\"https:\/\/siera-academy.org\/wp-content\/uploads\/2025\/02\/2149300711.jpg\" class=\"attachment-large size-large wp-image-633\" alt=\"\" srcset=\"https:\/\/siera-academy.org\/wp-content\/uploads\/2025\/02\/2149300711.jpg 1000w, https:\/\/siera-academy.org\/wp-content\/uploads\/2025\/02\/2149300711-300x200.jpg 300w, https:\/\/siera-academy.org\/wp-content\/uploads\/2025\/02\/2149300711-768x512.jpg 768w\" sizes=\"(max-width: 800px) 100vw, 800px\" \/>\t\t\t\t\t\t\t\t\t\t\t\t\t\t\t<\/div>\n\t\t\t\t<\/div>\n\t\t\t\t<\/div>\n\t\t\t\t\t<\/div>\n\t\t\t\t<\/div>\n\t\t<div class=\"elementor-element elementor-element-5e88096 e-flex e-con-boxed e-con e-parent\" data-id=\"5e88096\" data-element_type=\"container\" data-e-type=\"container\">\n\t\t\t\t\t<div class=\"e-con-inner\">\n\t\t<div class=\"elementor-element elementor-element-6c311cf e-con-full e-flex e-con e-child\" data-id=\"6c311cf\" data-element_type=\"container\" data-e-type=\"container\">\n\t\t\t\t<div class=\"elementor-element elementor-element-d1f12fb elementor-widget elementor-widget-image\" data-id=\"d1f12fb\" data-element_type=\"widget\" data-e-type=\"widget\" data-widget_type=\"image.default\">\n\t\t\t\t<div class=\"elementor-widget-container\">\n\t\t\t\t\t\t\t\t\t\t\t\t\t\t\t<img decoding=\"async\" width=\"800\" height=\"534\" src=\"https:\/\/siera-academy.org\/wp-content\/uploads\/2025\/02\/12073.jpg\" class=\"attachment-large size-large wp-image-644\" alt=\"\" srcset=\"https:\/\/siera-academy.org\/wp-content\/uploads\/2025\/02\/12073.jpg 1000w, https:\/\/siera-academy.org\/wp-content\/uploads\/2025\/02\/12073-300x200.jpg 300w, https:\/\/siera-academy.org\/wp-content\/uploads\/2025\/02\/12073-768x512.jpg 768w\" sizes=\"(max-width: 800px) 100vw, 800px\" \/>\t\t\t\t\t\t\t\t\t\t\t\t\t\t\t<\/div>\n\t\t\t\t<\/div>\n\t\t\t\t<\/div>\n\t\t<div class=\"elementor-element elementor-element-9096b93 e-con-full e-flex e-con e-child\" data-id=\"9096b93\" data-element_type=\"container\" data-e-type=\"container\">\n\t\t\t\t<div class=\"elementor-element elementor-element-744a7f1 elementor-widget elementor-widget-heading\" data-id=\"744a7f1\" data-element_type=\"widget\" data-e-type=\"widget\" data-widget_type=\"heading.default\">\n\t\t\t\t<div class=\"elementor-widget-container\">\n\t\t\t\t\t<h2 class=\"elementor-heading-title elementor-size-default\">SIERA-Akademie: F\u00f6rderung von Karriere und Nachhaltigkeit durch Wissen und Handeln<\/h2>\t\t\t\t<\/div>\n\t\t\t\t<\/div>\n\t\t\t\t<div class=\"elementor-element elementor-element-6207750 elementor-widget elementor-widget-text-editor\" data-id=\"6207750\" data-element_type=\"widget\" data-e-type=\"widget\" data-widget_type=\"text-editor.default\">\n\t\t\t\t<div class=\"elementor-widget-container\">\n\t\t\t\t\t\t\t\t\t<p>Dar\u00fcber hinaus bietet die SIERA Academy Webinare mit prominenten Referenten zu Nachhaltigkeitsthemen an, die den Teilnehmern helfen, diese Praktiken in ihren Unternehmen umzusetzen.<\/p><p><strong>Watch this space! More innovative online modules and impactful initiatives launching soon. <\/strong><\/p>\t\t\t\t\t\t\t\t<\/div>\n\t\t\t\t<\/div>\n\t\t\t\t<div class=\"elementor-element elementor-element-7675f91 elementor-widget elementor-widget-text-editor\" data-id=\"7675f91\" data-element_type=\"widget\" data-e-type=\"widget\" data-widget_type=\"text-editor.default\">\n\t\t\t\t<div class=\"elementor-widget-container\">\n\t\t\t\t\t\t\t\t\t<p>Die SIERA Academy bietet Fachleuten die M\u00f6glichkeit, ihre Karriere voranzutreiben und gleichzeitig eine langfristige, nachhaltige F\u00fchrung zu unterst\u00fctzen.<\/p>\t\t\t\t\t\t\t\t<\/div>\n\t\t\t\t<\/div>\n\t\t\t\t<\/div>\n\t\t\t\t\t<\/div>\n\t\t\t\t<\/div>\n\t\t\t\t<\/div>","protected":false},"excerpt":{"rendered":"<p>Welcome to SIERA Academy! Here are the key features of SIERA Academy, which equips professionals whether they are trainees or top management executives to lead with purpose and bring real change. SIERA Academy provides carefully chosen courses that emphasize project management and leadership management techniques, strengthening useful tactics that guarantee both short-term implementation and long-term [&hellip;]<\/p>\n","protected":false},"author":1,"featured_media":0,"parent":0,"menu_order":0,"comment_status":"closed","ping_status":"closed","template":"","meta":{"footnotes":""},"class_list":["post-627","page","type-page","status-publish","hentry"],"_links":{"self":[{"href":"https:\/\/siera-academy.org\/de\/wp-json\/wp\/v2\/pages\/627","targetHints":{"allow":["GET"]}}],"collection":[{"href":"https:\/\/siera-academy.org\/de\/wp-json\/wp\/v2\/pages"}],"about":[{"href":"https:\/\/siera-academy.org\/de\/wp-json\/wp\/v2\/types\/page"}],"author":[{"embeddable":true,"href":"https:\/\/siera-academy.org\/de\/wp-json\/wp\/v2\/users\/1"}],"replies":[{"embeddable":true,"href":"https:\/\/siera-academy.org\/de\/wp-json\/wp\/v2\/comments?post=627"}],"version-history":[{"count":25,"href":"https:\/\/siera-academy.org\/de\/wp-json\/wp\/v2\/pages\/627\/revisions"}],"predecessor-version":[{"id":1692,"href":"https:\/\/siera-academy.org\/de\/wp-json\/wp\/v2\/pages\/627\/revisions\/1692"}],"wp:attachment":[{"href":"https:\/\/siera-academy.org\/de\/wp-json\/wp\/v2\/media?parent=627"}],"curies":[{"name":"wp","href":"https:\/\/api.w.org\/{rel}","templated":true}]}}