{"id":1912,"date":"2025-08-14T21:55:34","date_gmt":"2025-08-14T21:55:34","guid":{"rendered":"https:\/\/siera-academy.org\/?page_id=1912"},"modified":"2025-08-15T10:15:44","modified_gmt":"2025-08-15T10:15:44","slug":"about-us-2","status":"publish","type":"page","link":"https:\/\/siera-academy.org\/de\/about-us-2\/","title":{"rendered":"\u00dcber uns"},"content":{"rendered":"<div data-elementor-type=\"wp-page\" data-elementor-id=\"1912\" class=\"elementor elementor-1912\" data-elementor-post-type=\"page\">\n\t\t\t\t<div class=\"elementor-element elementor-element-a7b86e1 e-flex e-con-boxed e-con e-parent\" data-id=\"a7b86e1\" data-element_type=\"container\" data-e-type=\"container\" data-settings=\"{&quot;background_background&quot;:&quot;classic&quot;}\">\n\t\t\t\t\t<div class=\"e-con-inner\">\n\t\t<div class=\"elementor-element elementor-element-7a6bbd6 e-con-full e-flex e-con e-child\" data-id=\"7a6bbd6\" data-element_type=\"container\" data-e-type=\"container\" data-settings=\"{&quot;background_background&quot;:&quot;classic&quot;}\">\n\t\t\t\t<div class=\"elementor-element elementor-element-3d9af3b elementor-widget elementor-widget-spacer\" data-id=\"3d9af3b\" data-element_type=\"widget\" data-e-type=\"widget\" data-widget_type=\"spacer.default\">\n\t\t\t\t<div class=\"elementor-widget-container\">\n\t\t\t\t\t\t\t<div class=\"elementor-spacer\">\n\t\t\t<div class=\"elementor-spacer-inner\"><\/div>\n\t\t<\/div>\n\t\t\t\t\t\t<\/div>\n\t\t\t\t<\/div>\n\t\t\t\t<\/div>\n\t\t<div class=\"elementor-element elementor-element-e39f4f4 e-con-full e-flex e-con e-child\" data-id=\"e39f4f4\" data-element_type=\"container\" data-e-type=\"container\" data-settings=\"{&quot;background_background&quot;:&quot;classic&quot;}\">\n\t\t\t\t<div class=\"elementor-element elementor-element-a26522f elementor-widget elementor-widget-image\" data-id=\"a26522f\" data-element_type=\"widget\" data-e-type=\"widget\" data-widget_type=\"image.default\">\n\t\t\t\t<div class=\"elementor-widget-container\">\n\t\t\t\t\t\t\t\t\t\t\t\t\t\t\t<img fetchpriority=\"high\" decoding=\"async\" width=\"800\" height=\"248\" src=\"https:\/\/siera-academy.org\/wp-content\/uploads\/2025\/01\/SIERA-Academy-colored-1-1.png\" class=\"attachment-large size-large wp-image-1140\" alt=\"\" srcset=\"https:\/\/siera-academy.org\/wp-content\/uploads\/2025\/01\/SIERA-Academy-colored-1-1.png 800w, https:\/\/siera-academy.org\/wp-content\/uploads\/2025\/01\/SIERA-Academy-colored-1-1-300x93.png 300w, https:\/\/siera-academy.org\/wp-content\/uploads\/2025\/01\/SIERA-Academy-colored-1-1-768x238.png 768w, https:\/\/siera-academy.org\/wp-content\/uploads\/2025\/01\/SIERA-Academy-colored-1-1-18x6.png 18w, https:\/\/siera-academy.org\/wp-content\/uploads\/2025\/01\/SIERA-Academy-colored-1-1-161x50.png 161w\" sizes=\"(max-width: 800px) 100vw, 800px\" \/>\t\t\t\t\t\t\t\t\t\t\t\t\t\t\t<\/div>\n\t\t\t\t<\/div>\n\t\t\t\t<div class=\"elementor-element elementor-element-fbd0b3c elementor-widget elementor-widget-heading\" data-id=\"fbd0b3c\" data-element_type=\"widget\" data-e-type=\"widget\" data-widget_type=\"heading.default\">\n\t\t\t\t<div class=\"elementor-widget-container\">\n\t\t\t\t\t<h2 class=\"elementor-heading-title elementor-size-default\">Willkommen bei der SIERA Academy!<\/h2>\t\t\t\t<\/div>\n\t\t\t\t<\/div>\n\t\t\t\t<div class=\"elementor-element elementor-element-934f0f9 elementor-widget elementor-widget-text-editor\" data-id=\"934f0f9\" data-element_type=\"widget\" data-e-type=\"widget\" data-widget_type=\"text-editor.default\">\n\t\t\t\t<div class=\"elementor-widget-container\">\n\t\t\t\t\t\t\t\t\t<p>Here are the key features of SIERA Academy, which equips professionals whether they are trainees or top management executives to lead with purpose and bring real change. SIERA Academy provides carefully chosen courses that emphasize project management and leadership management techniques, strengthening useful tactics that guarantee both short-term implementation and long-term development.<\/p>\t\t\t\t\t\t\t\t<\/div>\n\t\t\t\t<\/div>\n\t\t<div class=\"elementor-element elementor-element-e5751b7 e-con-full e-flex e-con e-child\" data-id=\"e5751b7\" data-element_type=\"container\" data-e-type=\"container\">\n\t\t\t\t<div class=\"elementor-element elementor-element-2f90cf8 elementor-widget elementor-widget-button\" data-id=\"2f90cf8\" data-element_type=\"widget\" data-e-type=\"widget\" data-widget_type=\"button.default\">\n\t\t\t\t<div class=\"elementor-widget-container\">\n\t\t\t\t\t\t\t\t\t<div class=\"elementor-button-wrapper\">\n\t\t\t\t\t<a class=\"elementor-button elementor-button-link elementor-size-sm\" href=\"#\">\n\t\t\t\t\t\t<span class=\"elementor-button-content-wrapper\">\n\t\t\t\t\t\t\t\t\t<span class=\"elementor-button-text\">Schulungen zum Thema F\u00fchrung<\/span>\n\t\t\t\t\t<\/span>\n\t\t\t\t\t<\/a>\n\t\t\t\t<\/div>\n\t\t\t\t\t\t\t\t<\/div>\n\t\t\t\t<\/div>\n\t\t\t\t<div class=\"elementor-element elementor-element-9a3f315 elementor-widget elementor-widget-button\" data-id=\"9a3f315\" data-element_type=\"widget\" data-e-type=\"widget\" data-widget_type=\"button.default\">\n\t\t\t\t<div class=\"elementor-widget-container\">\n\t\t\t\t\t\t\t\t\t<div class=\"elementor-button-wrapper\">\n\t\t\t\t\t<a class=\"elementor-button elementor-button-link elementor-size-sm\" href=\"#\">\n\t\t\t\t\t\t<span class=\"elementor-button-content-wrapper\">\n\t\t\t\t\t\t\t\t\t<span class=\"elementor-button-text\">Schulungen auf Abruf<\/span>\n\t\t\t\t\t<\/span>\n\t\t\t\t\t<\/a>\n\t\t\t\t<\/div>\n\t\t\t\t\t\t\t\t<\/div>\n\t\t\t\t<\/div>\n\t\t\t\t<\/div>\n\t\t\t\t<\/div>\n\t\t\t\t\t<\/div>\n\t\t\t\t<\/div>\n\t\t<div class=\"elementor-element elementor-element-0617e9a e-flex e-con-boxed e-con e-parent\" data-id=\"0617e9a\" data-element_type=\"container\" data-e-type=\"container\">\n\t\t\t\t\t<div class=\"e-con-inner\">\n\t\t<div class=\"elementor-element elementor-element-af6dbe9 e-con-full e-flex e-con e-child\" data-id=\"af6dbe9\" data-element_type=\"container\" data-e-type=\"container\">\n\t\t\t\t<div class=\"elementor-element elementor-element-6387f6f elementor-widget elementor-widget-heading\" data-id=\"6387f6f\" data-element_type=\"widget\" data-e-type=\"widget\" data-widget_type=\"heading.default\">\n\t\t\t\t<div class=\"elementor-widget-container\">\n\t\t\t\t\t<h2 class=\"elementor-heading-title elementor-size-default\">Gemeinschaften bef\u00e4higen: SIERA Academy &amp; The Mustard Seed Project for Global Impact<\/h2>\t\t\t\t<\/div>\n\t\t\t\t<\/div>\n\t\t\t\t<div class=\"elementor-element elementor-element-cad41d0 elementor-widget elementor-widget-text-editor\" data-id=\"cad41d0\" data-element_type=\"widget\" data-e-type=\"widget\" data-widget_type=\"text-editor.default\">\n\t\t\t\t<div class=\"elementor-widget-container\">\n\t\t\t\t\t\t\t\t\t<p>In Zusammenarbeit mit dem Mustard Seed Project setzt sich die SIERA Academy daf\u00fcr ein, in der realen Welt etwas zu bewirken. Die Teilnehmer machen praktische Erfahrungen in Entwicklungsl\u00e4ndern, z.B. bei der Installation von Solaranlagen, der F\u00f6rderung nachhaltiger Praktiken und der Unterst\u00fctzung von Initiativen f\u00fcr sauberes Wasser. Gemeinsam bewirken wir nachhaltige Ver\u00e4nderungen in unterversorgten L\u00e4ndern weltweit.<\/p>\t\t\t\t\t\t\t\t<\/div>\n\t\t\t\t<\/div>\n\t\t\t\t<\/div>\n\t\t<div class=\"elementor-element elementor-element-00d2cf5 e-con-full e-flex e-con e-child\" data-id=\"00d2cf5\" data-element_type=\"container\" data-e-type=\"container\">\n\t\t\t\t<div class=\"elementor-element elementor-element-4a268c8 elementor-widget elementor-widget-image\" data-id=\"4a268c8\" data-element_type=\"widget\" data-e-type=\"widget\" data-widget_type=\"image.default\">\n\t\t\t\t<div class=\"elementor-widget-container\">\n\t\t\t\t\t\t\t\t\t\t\t\t\t\t\t<img decoding=\"async\" width=\"800\" height=\"534\" src=\"https:\/\/siera-academy.org\/wp-content\/uploads\/2025\/02\/2149300711.jpg\" class=\"attachment-large size-large wp-image-633\" alt=\"\" srcset=\"https:\/\/siera-academy.org\/wp-content\/uploads\/2025\/02\/2149300711.jpg 1000w, https:\/\/siera-academy.org\/wp-content\/uploads\/2025\/02\/2149300711-300x200.jpg 300w, https:\/\/siera-academy.org\/wp-content\/uploads\/2025\/02\/2149300711-768x512.jpg 768w\" sizes=\"(max-width: 800px) 100vw, 800px\" \/>\t\t\t\t\t\t\t\t\t\t\t\t\t\t\t<\/div>\n\t\t\t\t<\/div>\n\t\t\t\t<\/div>\n\t\t\t\t\t<\/div>\n\t\t\t\t<\/div>\n\t\t\t\t<\/div>","protected":false},"excerpt":{"rendered":"<p>Welcome to SIERA Academy! Here are the key features of SIERA Academy, which equips professionals whether they are trainees or top management executives to lead with purpose and bring real change. SIERA Academy provides carefully chosen courses that emphasize project management and leadership management techniques, strengthening useful tactics that guarantee both short-term implementation and long-term [&hellip;]<\/p>\n","protected":false},"author":5,"featured_media":0,"parent":0,"menu_order":0,"comment_status":"closed","ping_status":"closed","template":"","meta":{"footnotes":""},"class_list":["post-1912","page","type-page","status-publish","hentry"],"_links":{"self":[{"href":"https:\/\/siera-academy.org\/de\/wp-json\/wp\/v2\/pages\/1912","targetHints":{"allow":["GET"]}}],"collection":[{"href":"https:\/\/siera-academy.org\/de\/wp-json\/wp\/v2\/pages"}],"about":[{"href":"https:\/\/siera-academy.org\/de\/wp-json\/wp\/v2\/types\/page"}],"author":[{"embeddable":true,"href":"https:\/\/siera-academy.org\/de\/wp-json\/wp\/v2\/users\/5"}],"replies":[{"embeddable":true,"href":"https:\/\/siera-academy.org\/de\/wp-json\/wp\/v2\/comments?post=1912"}],"version-history":[{"count":6,"href":"https:\/\/siera-academy.org\/de\/wp-json\/wp\/v2\/pages\/1912\/revisions"}],"predecessor-version":[{"id":1921,"href":"https:\/\/siera-academy.org\/de\/wp-json\/wp\/v2\/pages\/1912\/revisions\/1921"}],"wp:attachment":[{"href":"https:\/\/siera-academy.org\/de\/wp-json\/wp\/v2\/media?parent=1912"}],"curies":[{"name":"wp","href":"https:\/\/api.w.org\/{rel}","templated":true}]}}