{"id":1249,"date":"2025-04-25T12:22:11","date_gmt":"2025-04-25T12:22:11","guid":{"rendered":"https:\/\/siera-academy.org\/?page_id=1249"},"modified":"2025-04-25T12:23:08","modified_gmt":"2025-04-25T12:23:08","slug":"bereichsleiter","status":"publish","type":"page","link":"https:\/\/siera-academy.org\/de\/bereichsleiter\/","title":{"rendered":"Bereichsleiter"},"content":{"rendered":"<div data-elementor-type=\"wp-page\" data-elementor-id=\"1249\" class=\"elementor elementor-1249\" data-elementor-post-type=\"page\">\n\t\t\t\t<div class=\"elementor-element elementor-element-3540f90 e-con-full e-flex e-con e-parent\" data-id=\"3540f90\" data-element_type=\"container\" data-e-type=\"container\">\n\t\t<div class=\"elementor-element elementor-element-6965004 e-con-full e-flex e-con e-child\" data-id=\"6965004\" data-element_type=\"container\" data-e-type=\"container\" data-settings=\"{&quot;background_background&quot;:&quot;classic&quot;}\">\n\t\t\t\t<div class=\"elementor-element elementor-element-cdee075 elementor-widget elementor-widget-spacer\" data-id=\"cdee075\" data-element_type=\"widget\" data-e-type=\"widget\" data-widget_type=\"spacer.default\">\n\t\t\t\t<div class=\"elementor-widget-container\">\n\t\t\t\t\t\t\t<div class=\"elementor-spacer\">\n\t\t\t<div class=\"elementor-spacer-inner\"><\/div>\n\t\t<\/div>\n\t\t\t\t\t\t<\/div>\n\t\t\t\t<\/div>\n\t\t\t\t<\/div>\n\t\t<div class=\"elementor-element elementor-element-db9d2b0 e-con-full e-flex e-con e-child\" data-id=\"db9d2b0\" data-element_type=\"container\" data-e-type=\"container\">\n\t\t\t\t<div class=\"elementor-element elementor-element-9d46c89 elementor-widget elementor-widget-heading\" data-id=\"9d46c89\" data-element_type=\"widget\" data-e-type=\"widget\" data-widget_type=\"heading.default\">\n\t\t\t\t<div class=\"elementor-widget-container\">\n\t\t\t\t\t<h2 class=\"elementor-heading-title elementor-size-default\">Interessiert an unserem Bereichsleiter Training?<\/h2>\t\t\t\t<\/div>\n\t\t\t\t<\/div>\n\t\t\t\t<div class=\"elementor-element elementor-element-0cceef9 elementor-widget elementor-widget-text-editor\" data-id=\"0cceef9\" data-element_type=\"widget\" data-e-type=\"widget\" data-widget_type=\"text-editor.default\">\n\t\t\t\t<div class=\"elementor-widget-container\">\n\t\t\t\t\t\t\t\t\t<p>Bist du bereit, deine F\u00fchrungskompetenzen weiter auszubauen? Unser <strong>Bereichsleiter Ausbildung<\/strong> ist ideal f\u00fcr alle, die Verantwortung f\u00fcr ein Team oder einen Bereich \u00fcbernehmen m\u00f6chten. In diesem Training lernst du, wie du Teams effektiv f\u00fchrst, Prozesse optimierst und deine Abteilung erfolgreich steuern kannst.<\/p><p>Wenn du mehr erfahren m\u00f6chtest, schreib uns einfach eine E-Mail an <a target=\"_blank\" rel=\"noreferrer noopener\"><strong>registration@siera-academy.org<\/strong><\/a>Unser Team gibt dir alle Infos, beantwortet deine Fragen und hilft dir bei der Anmeldung.<\/p><p>Nutze die Chance, deine F\u00fchrungskompetenzen auf das n\u00e4chste Level zu bringen und werde ein kompetenter <strong>Bereichsleiter<\/strong>Melde dich noch heute!<\/p>\t\t\t\t\t\t\t\t<\/div>\n\t\t\t\t<\/div>\n\t\t\t\t<\/div>\n\t\t\t\t<\/div>\n\t\t\t\t<\/div>","protected":false},"excerpt":{"rendered":"<p>Interested in Our Bereichsleiter Training? Ready to take your leadership skills to the next level? Our Bereichsleiter Training is perfect for those looking to take on responsibility for a team or department. In this training, you\u2019ll learn how to lead teams effectively, optimize processes, and successfully manage your department. If you\u2019d like to learn more, [&hellip;]<\/p>\n","protected":false},"author":1,"featured_media":0,"parent":0,"menu_order":0,"comment_status":"closed","ping_status":"closed","template":"","meta":{"footnotes":""},"class_list":["post-1249","page","type-page","status-publish","hentry"],"_links":{"self":[{"href":"https:\/\/siera-academy.org\/de\/wp-json\/wp\/v2\/pages\/1249","targetHints":{"allow":["GET"]}}],"collection":[{"href":"https:\/\/siera-academy.org\/de\/wp-json\/wp\/v2\/pages"}],"about":[{"href":"https:\/\/siera-academy.org\/de\/wp-json\/wp\/v2\/types\/page"}],"author":[{"embeddable":true,"href":"https:\/\/siera-academy.org\/de\/wp-json\/wp\/v2\/users\/1"}],"replies":[{"embeddable":true,"href":"https:\/\/siera-academy.org\/de\/wp-json\/wp\/v2\/comments?post=1249"}],"version-history":[{"count":4,"href":"https:\/\/siera-academy.org\/de\/wp-json\/wp\/v2\/pages\/1249\/revisions"}],"predecessor-version":[{"id":1253,"href":"https:\/\/siera-academy.org\/de\/wp-json\/wp\/v2\/pages\/1249\/revisions\/1253"}],"wp:attachment":[{"href":"https:\/\/siera-academy.org\/de\/wp-json\/wp\/v2\/media?parent=1249"}],"curies":[{"name":"wp","href":"https:\/\/api.w.org\/{rel}","templated":true}]}}