{"id":1203,"date":"2025-04-25T07:22:11","date_gmt":"2025-04-25T07:22:11","guid":{"rendered":"https:\/\/siera-academy.org\/?page_id=1203"},"modified":"2025-04-25T12:19:08","modified_gmt":"2025-04-25T12:19:08","slug":"fachbereichskoordinator","status":"publish","type":"page","link":"https:\/\/siera-academy.org\/de\/fachbereichskoordinator\/","title":{"rendered":"Fachbereichskoordinator"},"content":{"rendered":"<div data-elementor-type=\"wp-page\" data-elementor-id=\"1203\" class=\"elementor elementor-1203\" data-elementor-post-type=\"page\">\n\t\t\t\t<div class=\"elementor-element elementor-element-3540f90 e-con-full e-flex e-con e-parent\" data-id=\"3540f90\" data-element_type=\"container\" data-e-type=\"container\">\n\t\t<div class=\"elementor-element elementor-element-6965004 e-con-full e-flex e-con e-child\" data-id=\"6965004\" data-element_type=\"container\" data-e-type=\"container\" data-settings=\"{&quot;background_background&quot;:&quot;classic&quot;}\">\n\t\t\t\t<div class=\"elementor-element elementor-element-cdee075 elementor-widget elementor-widget-spacer\" data-id=\"cdee075\" data-element_type=\"widget\" data-e-type=\"widget\" data-widget_type=\"spacer.default\">\n\t\t\t\t<div class=\"elementor-widget-container\">\n\t\t\t\t\t\t\t<div class=\"elementor-spacer\">\n\t\t\t<div class=\"elementor-spacer-inner\"><\/div>\n\t\t<\/div>\n\t\t\t\t\t\t<\/div>\n\t\t\t\t<\/div>\n\t\t\t\t<\/div>\n\t\t<div class=\"elementor-element elementor-element-db9d2b0 e-con-full e-flex e-con e-child\" data-id=\"db9d2b0\" data-element_type=\"container\" data-e-type=\"container\">\n\t\t\t\t<div class=\"elementor-element elementor-element-9d46c89 elementor-widget elementor-widget-heading\" data-id=\"9d46c89\" data-element_type=\"widget\" data-e-type=\"widget\" data-widget_type=\"heading.default\">\n\t\t\t\t<div class=\"elementor-widget-container\">\n\t\t\t\t\t<h2 class=\"elementor-heading-title elementor-size-default\">Interessiert an unserem Fachbereichskoordinator Training?<\/h2>\t\t\t\t<\/div>\n\t\t\t\t<\/div>\n\t\t\t\t<div class=\"elementor-element elementor-element-0cceef9 elementor-widget elementor-widget-text-editor\" data-id=\"0cceef9\" data-element_type=\"widget\" data-e-type=\"widget\" data-widget_type=\"text-editor.default\">\n\t\t\t\t<div class=\"elementor-widget-container\">\n\t\t\t\t\t\t\t\t\t<p>Bist du bereit, deine F\u00fchrungskompetenzen und Koordinationsf\u00e4higkeiten auf das n\u00e4chste Level zu heben? Unser <strong>Fachbereichskoordinator Training<\/strong> hilft dir, die Schl\u00fcsselrolle in deinem Fachbereich zu \u00fcbernehmen, dein Team erfolgreich zu f\u00fchren und Wachstum voranzutreiben. Das Training vermittelt dir die F\u00e4higkeiten, Prozesse zu optimieren, strategische Entscheidungen zu treffen und in deiner Rolle zu gl\u00e4nzen.<\/p><p>Unser Team gibt dir alle Infos, beantwortet deine Fragen und hilft dir bei der Anmeldung. <a target=\"_blank\" rel=\"noreferrer noopener\"><strong>registration@siera-academy.org<\/strong><\/a>Unser Team gibt dir alle Infos, beantwortet deine Fragen und hilft dir bei der Anmeldung<\/p><p>Mach den n\u00e4chsten Schritt in deiner Karriere und werde ein Experte als <strong>Fachbereichskoordinator<\/strong>Melde dich noch heute!<\/p>\t\t\t\t\t\t\t\t<\/div>\n\t\t\t\t<\/div>\n\t\t\t\t<\/div>\n\t\t\t\t<\/div>\n\t\t\t\t<\/div>","protected":false},"excerpt":{"rendered":"<p>Interested in Our Fachbereichskoordinator Training? Ready to elevate your leadership and coordination skills? Our Fachbereichskoordinator Training is designed to help you become a key figure in your department, leading your team to success and driving growth. This program equips you with the skills to manage and optimize processes, make strategic decisions, and excel in your [&hellip;]<\/p>\n","protected":false},"author":1,"featured_media":0,"parent":0,"menu_order":0,"comment_status":"closed","ping_status":"closed","template":"","meta":{"footnotes":""},"class_list":["post-1203","page","type-page","status-publish","hentry"],"_links":{"self":[{"href":"https:\/\/siera-academy.org\/de\/wp-json\/wp\/v2\/pages\/1203","targetHints":{"allow":["GET"]}}],"collection":[{"href":"https:\/\/siera-academy.org\/de\/wp-json\/wp\/v2\/pages"}],"about":[{"href":"https:\/\/siera-academy.org\/de\/wp-json\/wp\/v2\/types\/page"}],"author":[{"embeddable":true,"href":"https:\/\/siera-academy.org\/de\/wp-json\/wp\/v2\/users\/1"}],"replies":[{"embeddable":true,"href":"https:\/\/siera-academy.org\/de\/wp-json\/wp\/v2\/comments?post=1203"}],"version-history":[{"count":17,"href":"https:\/\/siera-academy.org\/de\/wp-json\/wp\/v2\/pages\/1203\/revisions"}],"predecessor-version":[{"id":1248,"href":"https:\/\/siera-academy.org\/de\/wp-json\/wp\/v2\/pages\/1203\/revisions\/1248"}],"wp:attachment":[{"href":"https:\/\/siera-academy.org\/de\/wp-json\/wp\/v2\/media?parent=1203"}],"curies":[{"name":"wp","href":"https:\/\/api.w.org\/{rel}","templated":true}]}}